{"id":936,"date":"2024-11-19T17:02:15","date_gmt":"2024-11-19T17:02:15","guid":{"rendered":"https:\/\/dostlarotocekiciyolyardim.com\/?page_id=936"},"modified":"2024-11-19T17:05:12","modified_gmt":"2024-11-19T17:05:12","slug":"kuzey-marmara-oto-cekici","status":"publish","type":"page","link":"https:\/\/dostlarotocekiciyolyardim.com\/index.php\/kuzey-marmara-oto-cekici\/","title":{"rendered":"Kuzey Marmara Oto \u00c7ekici"},"content":{"rendered":"\t\t<div data-elementor-type=\"wp-page\" data-elementor-id=\"936\" class=\"elementor elementor-936\" data-elementor-post-type=\"page\">\n\t\t\t\t\t\t<section class=\"elementor-section elementor-top-section elementor-element elementor-element-4e916ec3 elementor-section-boxed elementor-section-height-default elementor-section-height-default\" data-id=\"4e916ec3\" data-element_type=\"section\" data-settings=\"{&quot;background_background&quot;:&quot;classic&quot;}\">\n\t\t\t\t\t\t\t<div class=\"elementor-background-overlay\"><\/div>\n\t\t\t\t\t\t\t<div class=\"elementor-container elementor-column-gap-default\">\n\t\t\t\t\t<div class=\"elementor-column elementor-col-50 elementor-top-column elementor-element elementor-element-466b00aa\" data-id=\"466b00aa\" data-element_type=\"column\">\n\t\t\t<div class=\"elementor-widget-wrap elementor-element-populated\">\n\t\t\t\t\t\t<div class=\"elementor-element elementor-element-6ed6004a elementor-widget elementor-widget-text-editor\" data-id=\"6ed6004a\" data-element_type=\"widget\" data-widget_type=\"text-editor.default\">\n\t\t\t\t<div class=\"elementor-widget-container\">\n\t\t\t<style>\/*! elementor - v3.23.0 - 25-07-2024 *\/\n.elementor-widget-text-editor.elementor-drop-cap-view-stacked .elementor-drop-cap{background-color:#69727d;color:#fff}.elementor-widget-text-editor.elementor-drop-cap-view-framed .elementor-drop-cap{color:#69727d;border:3px solid;background-color:transparent}.elementor-widget-text-editor:not(.elementor-drop-cap-view-default) .elementor-drop-cap{margin-top:8px}.elementor-widget-text-editor:not(.elementor-drop-cap-view-default) .elementor-drop-cap-letter{width:1em;height:1em}.elementor-widget-text-editor .elementor-drop-cap{float:left;text-align:center;line-height:1;font-size:50px}.elementor-widget-text-editor .elementor-drop-cap-letter{display:inline-block}<\/style>\t\t\t\t<p>Dostlar Oto \u00c7ekici ve Yol Yard\u0131m olarak Kuzey Marmara ba\u015fta olmak \u00fczere \u0130stanbul\u2019un bir\u00e7ok b\u00f6lgesinde h\u0131zl\u0131, g\u00fcvenilir ve profesyonel oto \u00e7ekici hizmeti sunuyoruz. Sizlere en iyi hizmeti sa\u011flamak i\u00e7in geni\u015f hizmet a\u011f\u0131m\u0131zla her zaman yan\u0131n\u0131zday\u0131z.<\/p>\t\t\t\t\t\t<\/div>\n\t\t\t\t<\/div>\n\t\t\t\t<div class=\"elementor-element elementor-element-55169c2 elementor-widget elementor-widget-button\" data-id=\"55169c2\" data-element_type=\"widget\" data-widget_type=\"button.default\">\n\t\t\t\t<div class=\"elementor-widget-container\">\n\t\t\t\t\t<div class=\"elementor-button-wrapper\">\n\t\t\t<a class=\"elementor-button elementor-button-link elementor-size-sm\" href=\"https:\/\/wa.me\/905457475507?text=Merhaba%20Pendik%20b\u00f6lgesi%20i\u00e7in%20yaz\u0131yorum.\">\n\t\t\t\t\t\t<span class=\"elementor-button-content-wrapper\">\n\t\t\t\t\t\t\t\t\t<span class=\"elementor-button-text\">Hemen Bizi Aray\u0131n     <\/span>\n\t\t\t\t\t<\/span>\n\t\t\t\t\t<\/a>\n\t\t<\/div>\n\t\t\t\t<\/div>\n\t\t\t\t<\/div>\n\t\t\t\t<div class=\"elementor-element elementor-element-ee3c66e elementor-widget elementor-widget-button\" data-id=\"ee3c66e\" data-element_type=\"widget\" data-widget_type=\"button.default\">\n\t\t\t\t<div class=\"elementor-widget-container\">\n\t\t\t\t\t<div class=\"elementor-button-wrapper\">\n\t\t\t<a class=\"elementor-button elementor-button-link elementor-size-sm\" href=\"https:\/\/wa.me\/905457475507?text=Merhaba%20Kuzey%20Marmara%20b\u00f6lgesi%20i\u00e7in%20yaz\u0131yorum.\">\n\t\t\t\t\t\t<span class=\"elementor-button-content-wrapper\">\n\t\t\t\t\t\t\t\t\t<span class=\"elementor-button-text\">WhatsApp Konum G\u00f6nder<\/span>\n\t\t\t\t\t<\/span>\n\t\t\t\t\t<\/a>\n\t\t<\/div>\n\t\t\t\t<\/div>\n\t\t\t\t<\/div>\n\t\t\t\t\t<\/div>\n\t\t<\/div>\n\t\t\t\t<div class=\"elementor-column elementor-col-50 elementor-top-column elementor-element elementor-element-3cafda30\" data-id=\"3cafda30\" data-element_type=\"column\">\n\t\t\t<div class=\"elementor-widget-wrap elementor-element-populated\">\n\t\t\t\t\t\t<div class=\"elementor-element elementor-element-5c2155c elementor-hidden-tablet elementor-hidden-mobile elementor-arrows-position-inside elementor-pagination-position-outside elementor-widget elementor-widget-image-carousel\" data-id=\"5c2155c\" data-element_type=\"widget\" data-settings=\"{&quot;slides_to_show&quot;:&quot;3&quot;,&quot;navigation&quot;:&quot;both&quot;,&quot;autoplay&quot;:&quot;yes&quot;,&quot;pause_on_hover&quot;:&quot;yes&quot;,&quot;pause_on_interaction&quot;:&quot;yes&quot;,&quot;autoplay_speed&quot;:5000,&quot;infinite&quot;:&quot;yes&quot;,&quot;speed&quot;:500}\" data-widget_type=\"image-carousel.default\">\n\t\t\t\t<div class=\"elementor-widget-container\">\n\t\t\t<style>\/*! elementor - v3.23.0 - 25-07-2024 *\/\n.elementor-widget-image-carousel .swiper,.elementor-widget-image-carousel .swiper-container{position:static}.elementor-widget-image-carousel .swiper-container .swiper-slide figure,.elementor-widget-image-carousel .swiper .swiper-slide figure{line-height:inherit}.elementor-widget-image-carousel .swiper-slide{text-align:center}.elementor-image-carousel-wrapper:not(.swiper-container-initialized):not(.swiper-initialized) .swiper-slide{max-width:calc(100% \/ var(--e-image-carousel-slides-to-show, 3))}<\/style>\t\t<div class=\"elementor-image-carousel-wrapper swiper\" dir=\"ltr\">\n\t\t\t<div class=\"elementor-image-carousel swiper-wrapper\" aria-live=\"off\">\n\t\t\t\t\t\t\t\t<div class=\"swiper-slide\" role=\"group\" aria-roledescription=\"slide\" aria-label=\"1 \/ 6\"><figure class=\"swiper-slide-inner\"><img decoding=\"async\" class=\"swiper-slide-image\" src=\"https:\/\/dostlarotocekiciyolyardim.com\/wp-content\/uploads\/elementor\/thumbs\/Adsiz-tasarim-2023-11-23T180830.847-1-qw88g8jwdpoc4jy5y655f8t80yby2rllnbh3mu7hvo.png\" alt=\"Adsiz-tasarim-2023-11-23T180830.847\" \/><\/figure><\/div><div class=\"swiper-slide\" role=\"group\" aria-roledescription=\"slide\" aria-label=\"2 \/ 6\"><figure class=\"swiper-slide-inner\"><img decoding=\"async\" class=\"swiper-slide-image\" src=\"https:\/\/dostlarotocekiciyolyardim.com\/wp-content\/uploads\/elementor\/thumbs\/1b396e1e-834b-4198-82a2-69a785ae7dc6-qw88f1bbnc15ahoyyngb8jq0p8928oty5dgrk3zltw.jpg\" alt=\"1b396e1e-834b-4198-82a2-69a785ae7dc6\" \/><\/figure><\/div><div class=\"swiper-slide\" role=\"group\" aria-roledescription=\"slide\" aria-label=\"3 \/ 6\"><figure class=\"swiper-slide-inner\"><img decoding=\"async\" class=\"swiper-slide-image\" src=\"https:\/\/dostlarotocekiciyolyardim.com\/wp-content\/uploads\/elementor\/thumbs\/b31e982a-a64c-4c81-b04a-f34fcd0027b9-qw88ewm4p5upofvsq3f6e2wpqaw867bagq7c5q6kp0.jpg\" alt=\"b31e982a-a64c-4c81-b04a-f34fcd0027b9\" \/><\/figure><\/div><div class=\"swiper-slide\" role=\"group\" aria-roledescription=\"slide\" aria-label=\"4 \/ 6\"><figure class=\"swiper-slide-inner\"><img decoding=\"async\" class=\"swiper-slide-image\" src=\"https:\/\/dostlarotocekiciyolyardim.com\/wp-content\/uploads\/elementor\/thumbs\/WhatsApp-Image-2024-10-28-at-16.15.16-qw864248bufwdq81hs7y4hj4up8kqlezeo7oer0r44.jpeg\" alt=\"WhatsApp Image 2024-10-28 at 16.15.16\" \/><\/figure><\/div><div class=\"swiper-slide\" role=\"group\" aria-roledescription=\"slide\" aria-label=\"5 \/ 6\"><figure class=\"swiper-slide-inner\"><img decoding=\"async\" class=\"swiper-slide-image\" src=\"https:\/\/dostlarotocekiciyolyardim.com\/wp-content\/uploads\/elementor\/thumbs\/bce704a3-a197-44b2-8347-2f5d38c63dd6-qw864w72ejl2p90cm580c9xvv14bkwqe6t37rls5l0.jpg\" alt=\"cekicihizmeti\" \/><\/figure><\/div><div class=\"swiper-slide\" role=\"group\" aria-roledescription=\"slide\" aria-label=\"6 \/ 6\"><figure class=\"swiper-slide-inner\"><img decoding=\"async\" class=\"swiper-slide-image\" src=\"https:\/\/dostlarotocekiciyolyardim.com\/wp-content\/uploads\/elementor\/thumbs\/Adsiz-tasarim-2023-11-23T182522.481-qw88eo5kznj4ry833hrj9n1kdu1x8xdpfkbyu8j490.png\" alt=\"Adsiz-tasarim-2023-11-23T182522.481\" \/><\/figure><\/div>\t\t\t<\/div>\n\t\t\t\t\t\t\t\t\t\t\t\t<div class=\"elementor-swiper-button elementor-swiper-button-prev\" role=\"button\" tabindex=\"0\">\n\t\t\t\t\t\t<i aria-hidden=\"true\" class=\"eicon-chevron-left\"><\/i>\t\t\t\t\t<\/div>\n\t\t\t\t\t<div class=\"elementor-swiper-button elementor-swiper-button-next\" role=\"button\" tabindex=\"0\">\n\t\t\t\t\t\t<i aria-hidden=\"true\" class=\"eicon-chevron-right\"><\/i>\t\t\t\t\t<\/div>\n\t\t\t\t\n\t\t\t\t\t\t\t\t\t<div class=\"swiper-pagination\"><\/div>\n\t\t\t\t\t\t\t\t\t<\/div>\n\t\t\t\t<\/div>\n\t\t\t\t<\/div>\n\t\t\t\t\t<\/div>\n\t\t<\/div>\n\t\t\t\t\t<\/div>\n\t\t<\/section>\n\t\t<div class=\"elementor-element elementor-element-06aad9c e-flex e-con-boxed e-con e-parent\" data-id=\"06aad9c\" data-element_type=\"container\">\n\t\t\t\t\t<div class=\"e-con-inner\">\n\t\t\t\t<div class=\"elementor-element elementor-element-bc79a21 elementor-widget elementor-widget-text-editor\" data-id=\"bc79a21\" data-element_type=\"widget\" data-widget_type=\"text-editor.default\">\n\t\t\t\t<div class=\"elementor-widget-container\">\n\t\t\t\t\t\t\t<h3>Kuzey Marmara\u2019da Yolda Kald\u0131ysan\u0131z, Endi\u015felenmeyin!<\/h3><p>Dostlar Oto \u00c7ekici ve Yol Yard\u0131m Yan\u0131n\u0131zda!<\/p><p>Arac\u0131n\u0131z Kuzey Marmara otoyolunda aniden yolda kald\u0131ysa veya beklenmedik bir sorunla kar\u015f\u0131la\u015ft\u0131ysan\u0131z, endi\u015felenmenize gerek yok. Dostlar Oto \u00c7ekici ve Yol Yard\u0131m olarak, Kuzey Marmara oto \u00e7ekici hizmetlerimizle her an yan\u0131n\u0131zday\u0131z! Profesyonel ekibimiz, size en h\u0131zl\u0131 ve g\u00fcvenilir \u00e7ekici hizmetini sunmak i\u00e7in sadece bir telefon kadar uza\u011f\u0131n\u0131zda.<\/p><hr \/><h3><strong>Kuzey Marmara Oto \u00c7ekici Hizmeti<\/strong><\/h3><p>Kuzey Marmara oto \u00e7ekici hizmeti, otoyolun yo\u011funlu\u011fu ve h\u0131z\u0131na ra\u011fmen arac\u0131n\u0131z\u0131n g\u00fcvenle ve h\u0131zl\u0131 bir \u015fekilde ta\u015f\u0131nmas\u0131n\u0131 sa\u011flayan bir hizmettir. Dostlar Oto \u00c7ekici ve Yol Yard\u0131m olarak, Kuzey Marmara otoyolu ve \u00e7evresinde geni\u015f hizmet a\u011f\u0131m\u0131z ve deneyimli ekibimizle arac\u0131n\u0131z\u0131 en yak\u0131n tamirhaneye ya da diledi\u011finiz bir noktaya ta\u015f\u0131yoruz. Sizi yolda b\u0131rakm\u0131yor, her durumda yan\u0131n\u0131zda oluyoruz.<\/p><hr \/><h3><strong>Neden Dostlar Oto \u00c7ekici ve Yol Yard\u0131m\u2019\u0131 Tercih Etmelisiniz?<\/strong><\/h3><ul><li><strong>15 Dakikada Yan\u0131n\u0131zday\u0131z:<\/strong> Kuzey Marmara oto \u00e7ekici hizmetlerimizle, ihtiyac\u0131n\u0131z olan her an 15 dakika i\u00e7inde yard\u0131m\u0131n\u0131za yeti\u015fiyoruz. H\u0131zl\u0131 m\u00fcdahale ekibimiz, trafi\u011fi engellemeden en k\u0131sa s\u00fcrede yan\u0131n\u0131zda!<\/li><li><strong>Profesyonel ve G\u00fcvenilir Hizmet:<\/strong> Deneyimli ve uzman ekibimiz, arac\u0131n\u0131z\u0131n g\u00fcvenli\u011fini en \u00fcst seviyede tutarak ta\u015f\u0131mac\u0131l\u0131k yapar.<\/li><li><strong>Uygun Fiyat Garantisi:<\/strong> Dostlar Oto \u00c7ekici ve Yol Yard\u0131m, \u015feffaf ve rekabet\u00e7i fiyat politikas\u0131yla Kuzey Marmara otoyolunda en uygun oto \u00e7ekici hizmetini sunar.<\/li><li><strong>7\/24 Kesintisiz Hizmet:<\/strong> Gece g\u00fcnd\u00fcz, tatil ya da hafta sonu fark etmeksizin, her an yan\u0131n\u0131zday\u0131z!<\/li><\/ul><hr \/><h3><strong>Kuzey Marmara Oto \u00c7ekici Hizmetine Hangi Durumlarda \u0130htiya\u00e7 Duyulur?<\/strong><\/h3><ul><li><strong>Ar\u0131za ve Motor Problemleri:<\/strong> Arac\u0131n\u0131z\u0131n motoru beklenmedik bir \u015fekilde durdu\u011funda veya mekanik bir ar\u0131za meydana geldi\u011finde oto \u00e7ekici hizmetine ihtiyac\u0131n\u0131z olabilir.<\/li><li><strong>Kaza Durumlar\u0131:<\/strong> Kaza sonras\u0131 arac\u0131n\u0131z\u0131n g\u00fcvenli bir \u015fekilde ta\u015f\u0131nmas\u0131 gerekti\u011finde oto \u00e7ekici hizmetimiz devreye girer.<\/li><li><strong>Lastik ve Ak\u00fc Sorunlar\u0131:<\/strong> Lastik patlamas\u0131 veya ak\u00fc bitmesi gibi durumlarda arac\u0131n\u0131z\u0131n en yak\u0131n tamirhaneye g\u00fcvenle \u00e7ekilmesini sa\u011fl\u0131yoruz.<\/li><li><strong>Yak\u0131t Bitmesi:<\/strong> Yak\u0131t\u0131n\u0131z bitti\u011finde ve en yak\u0131n istasyona ula\u015famayacak durumda oldu\u011funuzda Dostlar Oto \u00c7ekici ve Yol Yard\u0131m hemen yard\u0131m\u0131n\u0131za yeti\u015fir.<\/li><\/ul><hr \/><h3><strong>Kuzey Marmara\u2019da Dostlar Oto \u00c7ekici ve Yol Yard\u0131m Fark\u0131<\/strong><\/h3><p>Kuzey Marmara otoyolunda oto \u00e7ekici hizmeti almak istedi\u011finizde Dostlar Oto \u00c7ekici ve Yol Yard\u0131m\u2019\u0131n sundu\u011fu avantajlar\u0131 ke\u015ffetmelisiniz. 15 dakika i\u00e7inde yan\u0131n\u0131zda olacak ekibimiz, arac\u0131n\u0131z\u0131 g\u00fcvenle ta\u015f\u0131rken siz de yolda kalma stresinden kurtulabilirsiniz. Kuzey Marmara oto \u00e7ekici hizmetlerimiz h\u0131z ve g\u00fcvenlik \u00f6ncelikli olarak sunulur. M\u00fc\u015fteri memnuniyetine verdi\u011fimiz \u00f6nem sayesinde her ge\u00e7en g\u00fcn b\u00fcy\u00fcyen m\u00fc\u015fteri portf\u00f6y\u00fcm\u00fczle gurur duyuyoruz.<\/p><hr \/><h3><strong>Dostlar Oto \u00c7ekici ve Yol Yard\u0131m ile Yolda Kalmaktan Korkmay\u0131n!<\/strong><\/h3><p>Dostlar Oto \u00c7ekici ve Yol Yard\u0131m olarak, Kuzey Marmara otoyolu ve \u00e7evresinde kar\u015f\u0131la\u015fabilece\u011finiz her t\u00fcrl\u00fc acil durumda yan\u0131n\u0131zday\u0131z. Arac\u0131n\u0131z\u0131n ta\u015f\u0131nmas\u0131 gerekti\u011finde sadece bir telefonla bize ula\u015fabilir ve h\u0131zl\u0131, g\u00fcvenilir, uygun fiyatl\u0131 hizmetimizden faydalanabilirsiniz.<\/p><p><strong>Dostlar Oto \u00c7ekici ve Yol Yard\u0131m ile G\u00fcvende Kal\u0131n! Hemen Aray\u0131n!<\/strong><\/p><p>Kuzey Marmara oto \u00e7ekici hizmeti i\u00e7in bizi aray\u0131n ve 15 dakika i\u00e7inde yard\u0131m\u0131n\u0131za yeti\u015felim! Yolda kalmay\u0131n, arac\u0131n\u0131z\u0131 Dostlar Oto \u00c7ekici ve Yol Yard\u0131m g\u00fcvencesiyle ta\u015f\u0131tal\u0131m. G\u00fcn\u00fcn her saatinde hizmetinizdeyiz, hemen \u015fimdi aray\u0131n ve arac\u0131n\u0131z\u0131 g\u00fcvenle ta\u015f\u0131mam\u0131z i\u00e7in bize ula\u015f\u0131n!<\/p><hr \/><p><strong>Dostlar Oto \u00c7ekici ve Yol Yard\u0131m: Kuzey Marmara otoyolunda g\u00fcvenilir oto \u00e7ekici hizmetinin adresi!<\/strong><\/p>\t\t\t\t\t\t<\/div>\n\t\t\t\t<\/div>\n\t\t\t\t<div class=\"elementor-element elementor-element-d43b918 elementor-widget elementor-widget-button\" data-id=\"d43b918\" data-element_type=\"widget\" data-widget_type=\"button.default\">\n\t\t\t\t<div class=\"elementor-widget-container\">\n\t\t\t\t\t<div class=\"elementor-button-wrapper\">\n\t\t\t<a class=\"elementor-button elementor-button-link elementor-size-sm\" href=\"tel:+905457475507\">\n\t\t\t\t\t\t<span class=\"elementor-button-content-wrapper\">\n\t\t\t\t\t\t\t\t\t<span class=\"elementor-button-text\">Hemen Ara<\/span>\n\t\t\t\t\t<\/span>\n\t\t\t\t\t<\/a>\n\t\t<\/div>\n\t\t\t\t<\/div>\n\t\t\t\t<\/div>\n\t\t\t\t\t<\/div>\n\t\t\t\t<\/div>\n\t\t\t\t<\/div>\n\t\t","protected":false},"excerpt":{"rendered":"<p>Dostlar Oto \u00c7ekici ve Yol Yard\u0131m olarak Kuzey Marmara ba\u015fta olmak \u00fczere \u0130stanbul\u2019un bir\u00e7ok b\u00f6lgesinde h\u0131zl\u0131, g\u00fcvenilir ve profesyonel oto \u00e7ekici hizmeti sunuyoruz. Sizlere en iyi hizmeti sa\u011flamak i\u00e7in geni\u015f hizmet a\u011f\u0131m\u0131zla her zaman yan\u0131n\u0131zday\u0131z. Hemen Bizi Aray\u0131n WhatsApp Konum G\u00f6nder Kuzey Marmara\u2019da Yolda Kald\u0131ysan\u0131z, Endi\u015felenmeyin! Dostlar Oto \u00c7ekici ve Yol Yard\u0131m Yan\u0131n\u0131zda! Arac\u0131n\u0131z Kuzey [&hellip;]<\/p>\n","protected":false},"author":1,"featured_media":0,"parent":0,"menu_order":0,"comment_status":"closed","ping_status":"closed","template":"","meta":{"site-sidebar-layout":"no-sidebar","site-content-layout":"","ast-site-content-layout":"full-width-container","site-content-style":"default","site-sidebar-style":"default","ast-global-header-display":"","ast-banner-title-visibility":"","ast-main-header-display":"","ast-hfb-above-header-display":"","ast-hfb-below-header-display":"","ast-hfb-mobile-header-display":"","site-post-title":"disabled","ast-breadcrumbs-content":"","ast-featured-img":"disabled","footer-sml-layout":"","theme-transparent-header-meta":"","adv-header-id-meta":"","stick-header-meta":"","header-above-stick-meta":"","header-main-stick-meta":"","header-below-stick-meta":"","astra-migrate-meta-layouts":"default","ast-page-background-enabled":"default","ast-page-background-meta":{"desktop":{"background-color":"var(--ast-global-color-4)","background-image":"","background-repeat":"repeat","background-position":"center center","background-size":"auto","background-attachment":"scroll","background-type":"","background-media":"","overlay-type":"","overlay-color":"","overlay-opacity":"","overlay-gradient":""},"tablet":{"background-color":"","background-image":"","background-repeat":"repeat","background-position":"center center","background-size":"auto","background-attachment":"scroll","background-type":"","background-media":"","overlay-type":"","overlay-color":"","overlay-opacity":"","overlay-gradient":""},"mobile":{"background-color":"","background-image":"","background-repeat":"repeat","background-position":"center center","background-size":"auto","background-attachment":"scroll","background-type":"","background-media":"","overlay-type":"","overlay-color":"","overlay-opacity":"","overlay-gradient":""}},"ast-content-background-meta":{"desktop":{"background-color":"var(--ast-global-color-5)","background-image":"","background-repeat":"repeat","background-position":"center center","background-size":"auto","background-attachment":"scroll","background-type":"","background-media":"","overlay-type":"","overlay-color":"","overlay-opacity":"","overlay-gradient":""},"tablet":{"background-color":"var(--ast-global-color-5)","background-image":"","background-repeat":"repeat","background-position":"center center","background-size":"auto","background-attachment":"scroll","background-type":"","background-media":"","overlay-type":"","overlay-color":"","overlay-opacity":"","overlay-gradient":""},"mobile":{"background-color":"var(--ast-global-color-5)","background-image":"","background-repeat":"repeat","background-position":"center center","background-size":"auto","background-attachment":"scroll","background-type":"","background-media":"","overlay-type":"","overlay-color":"","overlay-opacity":"","overlay-gradient":""}},"footnotes":""},"class_list":["post-936","page","type-page","status-publish","hentry"],"aioseo_notices":[],"_links":{"self":[{"href":"https:\/\/dostlarotocekiciyolyardim.com\/index.php\/wp-json\/wp\/v2\/pages\/936","targetHints":{"allow":["GET"]}}],"collection":[{"href":"https:\/\/dostlarotocekiciyolyardim.com\/index.php\/wp-json\/wp\/v2\/pages"}],"about":[{"href":"https:\/\/dostlarotocekiciyolyardim.com\/index.php\/wp-json\/wp\/v2\/types\/page"}],"author":[{"embeddable":true,"href":"https:\/\/dostlarotocekiciyolyardim.com\/index.php\/wp-json\/wp\/v2\/users\/1"}],"replies":[{"embeddable":true,"href":"https:\/\/dostlarotocekiciyolyardim.com\/index.php\/wp-json\/wp\/v2\/comments?post=936"}],"version-history":[{"count":7,"href":"https:\/\/dostlarotocekiciyolyardim.com\/index.php\/wp-json\/wp\/v2\/pages\/936\/revisions"}],"predecessor-version":[{"id":945,"href":"https:\/\/dostlarotocekiciyolyardim.com\/index.php\/wp-json\/wp\/v2\/pages\/936\/revisions\/945"}],"wp:attachment":[{"href":"https:\/\/dostlarotocekiciyolyardim.com\/index.php\/wp-json\/wp\/v2\/media?parent=936"}],"curies":[{"name":"wp","href":"https:\/\/api.w.org\/{rel}","templated":true}]}}